{"id":13858,"date":"2024-08-04T03:14:53","date_gmt":"2024-08-04T08:14:53","guid":{"rendered":"https:\/\/estradahermanos.com\/sitio\/?page_id=13858"},"modified":"2026-02-13T23:59:10","modified_gmt":"2026-02-14T04:59:10","slug":"aviso-de-privacidad-de-la-informacion","status":"publish","type":"page","link":"https:\/\/estradahermanos.com\/en\/aviso-de-privacidad-de-la-informacion\/","title":{"rendered":"Privacy Information Notice"},"content":{"rendered":"<p><div class=\"fusion-fullwidth fullwidth-box fusion-builder-row-1 fusion-flex-container has-pattern-background has-mask-background nonhundred-percent-fullwidth non-hundred-percent-height-scrolling\" style=\"--awb-border-radius-top-left:0px;--awb-border-radius-top-right:0px;--awb-border-radius-bottom-right:0px;--awb-border-radius-bottom-left:0px;--awb-padding-top:0px;--awb-margin-top:0px;--awb-flex-wrap:wrap;\" ><div class=\"fusion-builder-row fusion-row fusion-flex-align-items-flex-start fusion-flex-content-wrap\" style=\"max-width:1372.8px;margin-left: calc(-4% \/ 2 );margin-right: calc(-4% \/ 2 );\"><div class=\"fusion-layout-column fusion_builder_column fusion-builder-column-0 fusion_builder_column_1_1 1_1 fusion-flex-column\" style=\"--awb-bg-size:cover;--awb-width-large:100%;--awb-margin-top-large:0px;--awb-spacing-right-large:1.92%;--awb-margin-bottom-large:0px;--awb-spacing-left-large:1.92%;--awb-width-medium:100%;--awb-order-medium:0;--awb-spacing-right-medium:1.92%;--awb-spacing-left-medium:1.92%;--awb-width-small:100%;--awb-order-small:0;--awb-spacing-right-small:1.92%;--awb-spacing-left-small:1.92%;\"><div class=\"fusion-column-wrapper fusion-column-has-shadow fusion-flex-justify-content-flex-start fusion-content-layout-column\"><div class=\"fusion-text fusion-text-1 fusion-text-no-margin\" style=\"--awb-content-alignment:center;--awb-font-size:19px;--awb-text-transform:capitalize;--awb-text-color:var(--awb-color5);--awb-margin-bottom:0px;\"><p>Passion - Dedication - Expertise<\/p>\n<\/div><div class=\"fusion-separator\" style=\"align-self: center;margin-left: auto;margin-right: auto;width:100%;max-width:282px;\"><div class=\"fusion-separator-border sep-single sep-dotted\" style=\"--awb-height:20px;--awb-amount:20px;--awb-sep-color:var(--awb-color4);border-color:var(--awb-color4);border-top-width:1px;\"><\/div><\/div><div class=\"fusion-text fusion-text-2\" style=\"--awb-content-alignment:justify;\"><h3 style=\"text-align: center;\"><strong>AVISO DE PRIVACIDAD<\/strong><\/h3>\n<p><strong>FUNDICION ESTRADA HERMANOS S.A.S<\/strong> en cumplimiento de la ley 1581 de 2012 y dem\u00e1s normas concordantes, es responsable del tratamiento de sus datos personales.<\/p>\n<p>La actividad del tratamiento de datos personales que realiza <strong>FUNDICI\u00d3N ESTRADA HERMANOS S.A.S.,<\/strong> obedecer\u00e1n a una finalidad leg\u00edtima en consonancia con la Constituci\u00f3n Pol\u00edtica de Colombia, la cual deber\u00e1 ser informada al respectivo titular de los datos personales.<\/p>\n<p>incluyendo aquellos que gozan de car\u00e1cter sensible, podr\u00e1n ser utilizados por \u00e9sta y por terceros que este designe, para el desarrollo de actividades comerciales, estudios con fines estad\u00edsticos y de conocimiento del cliente, para la ejecuci\u00f3n de servicios contratados, para informarle a sus clientes sobre novedades, productos, servicios y ofertas especiales, y para el desarrollo de actividades comerciales.<\/p>\n<p>Los datos personales que <strong>FUNDICION ESTRADA HERMANOS S.A.S<\/strong> solicita ser\u00e1n utilizados para los siguientes fines:<\/p>\n<ol>\n<li>Contratistas y personas naturales o jur\u00eddicas que presten sus servicios a <strong>FUNDICI\u00d3N ESTRADA HERMANOS S.A.S. <\/strong>bajo cualquier tipo de modalidad contractual, en virtud de la cual se efect\u00fae cualquier tratamiento de datos de car\u00e1cter personal.<\/li>\n<li>Aquellas otras personas con las cuales exista una relaci\u00f3n legal de orden estatutario, contractual, entre otras, en virtud de la cual se efect\u00fae cualquier tratamiento de datos de car\u00e1cter personal.<\/li>\n<li>Personas naturales o jur\u00eddicas en condici\u00f3n de clientes en el desarrollo de la actividad comercial, en virtud de la cual se efect\u00fae cualquier tratamiento de datos de car\u00e1cter personal.<\/li>\n<li>Aquellas personas naturaleza o jur\u00eddicas que puedan proveer bienes y servicios, en virtud de la cual se efect\u00fae cualquier tratamiento de datos de car\u00e1cter personal.<\/li>\n<li>Las dem\u00e1s personas que establezca la ley, en virtud de la cual se efect\u00fae cualquier tratamiento de datos de car\u00e1cter personal.<\/li>\n<\/ol>\n<p>Si requiere m\u00e1s informaci\u00f3n para conocer nuestra pol\u00edtica de tratamiento de datos personales y los cambios sustanciales que se produzcan en ella. <strong><a href=\"https:\/\/estradahermanos.com\/sitio\/wp-content\/uploads\/2024\/08\/POLITICA-PROTECCION-DE-DATOS-PERSONALES.pdf\" target=\"_blank\" rel=\"noopener noreferrer\">consulte aqu\u00ed<\/a><\/strong><\/p>\n<p>Si desea presentar una consulta, reclamo o petici\u00f3n de informaci\u00f3n relacionada con la protecci\u00f3n de datos personales puede ingresar a la p\u00e1gina web de <strong>FUNDICION ESTRADA HERMANOS S.A.S<\/strong>, a trav\u00e9s de <a href=\"https:\/\/estradahermanos.com\/en\/\">www.estradahermanos.com<\/a> o comunicarse a trav\u00e9s del email protecciondedatos@estradahermanos.com o, al n\u00famero telef\u00f3nico 6046050729, celular 3234596737 o presentarse a la CRA 50 97 B SUR 121,en el horario de lunes a viernes de 7:00 am a 4:00 pm.<\/p>\n<\/div><div ><a class=\"fusion-button button-flat fusion-button-default-size button-default fusion-button-default button-1 fusion-button-default-span fusion-button-default-type fusion-animated\" data-animationtype=\"revealInLeft\" data-animationduration=\"0.3\" data-animationoffset=\"bottom-in-view\" target=\"_self\" data-hover=\"text_slide_up\" href=\"https:\/\/estradahermanos.com\/wp-content\/uploads\/2024\/08\/POLITICA-PROTECCION-DE-DATOS-PERSONALES.pdf\"><span class=\"fusion-button-icon-divider button-icon-divider-left\"><i class=\"fa-print fas\" aria-hidden=\"true\"><\/i><\/span><div class=\"awb-button-text-transition\"><span class=\"fusion-button-text fusion-button-text-left\">VER POLITICA DE PROTECCI\u00d3N DE DATOS PERSONALES <\/span><span class=\"fusion-button-text fusion-button-text-left\">VER POLITICA DE PROTECCI\u00d3N DE DATOS PERSONALES <\/span><\/div><\/a><\/div><\/div><\/div><\/div><\/div><div class=\"fusion-fullwidth fullwidth-box fusion-builder-row-2 fusion-flex-container has-pattern-background has-mask-background nonhundred-percent-fullwidth non-hundred-percent-height-scrolling\" style=\"--awb-border-radius-top-left:0px;--awb-border-radius-top-right:0px;--awb-border-radius-bottom-right:0px;--awb-border-radius-bottom-left:0px;--awb-padding-top:45px;--awb-padding-bottom:45px;--awb-margin-top:48px;--awb-background-color:var(--awb-color8);--awb-flex-wrap:wrap;\" ><div class=\"awb-background-pattern\" style=\"background-image:  url(data:image\/svg+xml;utf8,%3Csvg%20width%3D%2260%22%20height%3D%2260%22%20fill%3D%22none%22%20xmlns%3D%22http%3A%2F%2Fwww.w3.org%2F2000%2Fsvg%22%3E%3Cpath%20d%3D%22M26%201h-7a3%203%200%2000-3%203v7a3%203%200%20003%203h7a3%203%200%20003-3V4a3%203%200%2000-3-3zM56%201h-7a3%203%200%2000-3%203v7a3%203%200%20003%203h7a3%203%200%20003-3V4a3%203%200%2000-3-3zM11%2031H4a3%203%200%2000-3%203v7a3%203%200%20003%203h7a3%203%200%20003-3v-7a3%203%200%2000-3-3zM26%2031h-7a3%203%200%2000-3%203v7a3%203%200%20003%203h7a3%203%200%20003-3v-7a3%203%200%2000-3-3zM41%2031h-7a3%203%200%2000-3%203v7a3%203%200%20003%203h7a3%203%200%20003-3v-7a3%203%200%2000-3-3zM11%2016H4a3%203%200%2000-3%203v7a3%203%200%20003%203h7a3%203%200%20003-3v-7a3%203%200%2000-3-3zM41%2016h-7a3%203%200%2000-3%203v7a3%203%200%20003%203h7a3%203%200%20003-3v-7a3%203%200%2000-3-3zM56%2016h-7a3%203%200%2000-3%203v7a3%203%200%20003%203h7a3%203%200%20003-3v-7a3%203%200%2000-3-3zM26%2046h-7a3%203%200%2000-3%203v7a3%203%200%20003%203h7a3%203%200%20003-3v-7a3%203%200%2000-3-3zM56%2046h-7a3%203%200%2000-3%203v7a3%203%200%20003%203h7a3%203%200%20003-3v-7a3%203%200%2000-3-3z%22%20fill%3D%22rgba%2890%2C164%2C77%2C1%29%22%2F%3E%3C%2Fsvg%3E);opacity: 0.03 ;background-size:60%;mix-blend-mode:normal;\"><\/div><div class=\"awb-background-mask\" style=\"background-image:  url(data:image\/svg+xml;utf8,%3Csvg%20width%3D%221920%22%20height%3D%22954%22%20fill%3D%22none%22%20xmlns%3D%22http%3A%2F%2Fwww.w3.org%2F2000%2Fsvg%22%3E%3Cg%20clip-path%3D%22url%28%23prefix__clip0_58_787%29%22%20fill-rule%3D%22evenodd%22%20clip-rule%3D%22evenodd%22%20fill%3D%22rgba%2880%2C156%2C65%2C1%29%22%3E%3Cpath%20d%3D%22M1660.78-198.081c41-37.158%20104.32-33.985%20141.42%207.087%20110.48%20122.305%20170.1%20282.332%20166.66%20447.27-3.44%20164.938-69.67%20322.331-185.14%20439.906-115.49%20117.578-271.47%20186.426-435.99%20192.395-164.52%205.968-325.06-51.397-448.719-160.304-41.528-36.574-45.591-99.941-9.074-141.535%2036.517-41.593%2099.784-45.662%20141.313-9.088%2085.25%2075.079%20195.89%20114.598%20309.23%20110.486%20113.35-4.112%20220.85-51.546%20300.47-132.611%2079.63-81.068%20125.32-189.63%20127.7-303.434%202.37-113.804-38.77-224.188-114.95-308.523-37.1-41.072-33.93-104.49%207.08-141.649z%22%2F%3E%3Cpath%20d%3D%22M1544.89%2037.429c50.71-22.192%20109.79.947%20131.97%2051.683a383.79%20383.79%200%200110.87%20279.732c-31.73%2091.288-96.71%20167.233-181.94%20212.762a384.921%20384.921%200%2001-278%2033.06c-93.53-24.262-174.53-82.823-226.82-164.088-29.965-46.559-16.532-108.606%2030-138.586%2046.53-29.979%20108.54-16.538%20138.51%2030.021%2024.99%2038.834%2063.75%2066.898%20108.61%2078.536a184.603%20184.603%200%2000133.31-15.847c40.83-21.815%2071.88-58.154%2087.03-101.727a183.148%20183.148%200%2000-5.19-133.5c-22.18-50.735.95-109.854%2051.65-132.046z%22%2F%3E%3C%2Fg%3E%3Cdefs%3E%3CclipPath%20id%3D%22prefix__clip0_58_787%22%3E%3Cpath%20fill%3D%22%23fff%22%20d%3D%22M0%200h1920v954H0z%22%2F%3E%3C%2FclipPath%3E%3C%2Fdefs%3E%3C%2Fsvg%3E);opacity: 0.4 ;transform: scale(1, -1);mix-blend-mode:normal;\"><\/div><div class=\"fusion-builder-row fusion-row fusion-flex-align-items-center fusion-flex-content-wrap\" style=\"max-width:1372.8px;margin-left: calc(-4% \/ 2 );margin-right: calc(-4% \/ 2 );\"><div class=\"fusion-layout-column fusion_builder_column fusion-builder-column-1 fusion_builder_column_1_2 1_2 fusion-flex-column\" style=\"--awb-bg-size:cover;--awb-width-large:50%;--awb-margin-top-large:0px;--awb-spacing-right-large:3.84%;--awb-margin-bottom-large:0px;--awb-spacing-left-large:3.84%;--awb-width-medium:50%;--awb-order-medium:0;--awb-spacing-right-medium:3.84%;--awb-spacing-left-medium:3.84%;--awb-width-small:100%;--awb-order-small:0;--awb-spacing-right-small:1.92%;--awb-spacing-left-small:1.92%;\"><div class=\"fusion-column-wrapper fusion-column-has-shadow fusion-flex-justify-content-flex-start fusion-content-layout-column\"><div class=\"fusion-text fusion-text-3 fusion-text-no-margin\" style=\"--awb-font-size:19px;--awb-text-transform:capitalize;--awb-text-color:var(--awb-color5);--awb-margin-bottom:0px;\"><p>Passion - Dedication - Expertise<\/p>\n<\/div><div class=\"fusion-separator\" style=\"align-self: flex-start;margin-right:auto;width:100%;max-width:282px;\"><div class=\"fusion-separator-border sep-single sep-dotted\" style=\"--awb-height:20px;--awb-amount:20px;--awb-sep-color:var(--awb-color4);border-color:var(--awb-color4);border-top-width:1px;\"><\/div><\/div><div class=\"fusion-title title fusion-title-1 fusion-sep-none fusion-title-text fusion-title-size-two\" style=\"--awb-text-color:var(--awb-color1);--awb-margin-top:20px;\"><h2 class=\"fusion-title-heading title-heading-left fusion-responsive-typography-calculated\" style=\"margin:0;--fontSize:44;line-height:1.4;\">Innovating for Agriculture<\/h2><\/div><div class=\"fusion-text fusion-text-4 fusion-text-no-margin\" style=\"--awb-text-color:hsla(var(--awb-color1-h),var(--awb-color1-s),var(--awb-color1-l),calc(var(--awb-color1-a) - 30%));--awb-margin-top:10px;--awb-margin-bottom:10px;\"><p>Committed to innovation, improvement and technology in our processes and equipment for the agribusiness industry, is the main mission of <strong>FUNDICION ESTRADA HERMANOS<\/strong>, de Antioquia para el Mundo.<\/p>\n<\/div><ul style=\"--awb-size:17px;--awb-margin-top:30px;--awb-iconcolor:var(--awb-color5);--awb-textcolor:var(--awb-color1);--awb-line-height:28.9px;--awb-icon-width:28.9px;--awb-icon-height:28.9px;--awb-icon-margin:11.9px;--awb-content-margin:40.8px;\" class=\"fusion-checklist fusion-checklist-1 fusion-checklist-default type-icons\"><li class=\"fusion-li-item\" style=\"\"><span class=\"icon-wrapper circle-no\"><i class=\"fusion-li-icon awb-business-long-arrow-alt-right-solid\" aria-hidden=\"true\"><\/i><\/span><div class=\"fusion-li-item-content\"><b>Improving productivity in the agricultural sector<\/b><\/div><\/li><li class=\"fusion-li-item\" style=\"\"><span class=\"icon-wrapper circle-no\"><i class=\"fusion-li-icon awb-business-long-arrow-alt-right-solid\" aria-hidden=\"true\"><\/i><\/span><div class=\"fusion-li-item-content\"><b>Exportamos el 80% de nuestra producci\u00f3n a Centro America <\/b><\/div><\/li><li class=\"fusion-li-item\" style=\"\"><span class=\"icon-wrapper circle-no\"><i class=\"fusion-li-icon awb-business-long-arrow-alt-right-solid\" aria-hidden=\"true\"><\/i><\/span><div class=\"fusion-li-item-content\"><b>Industria 100% Colombia<\/b><\/div><\/li><\/ul><\/div><\/div><div class=\"fusion-layout-column fusion_builder_column fusion-builder-column-2 fusion_builder_column_1_2 1_2 fusion-flex-column\" style=\"--awb-padding-top-small:80px;--awb-bg-size:cover;--awb-width-large:50%;--awb-margin-top-large:0px;--awb-spacing-right-large:3.84%;--awb-margin-bottom-large:0px;--awb-spacing-left-large:3.84%;--awb-width-medium:50%;--awb-order-medium:0;--awb-spacing-right-medium:3.84%;--awb-spacing-left-medium:3.84%;--awb-width-small:100%;--awb-order-small:0;--awb-spacing-right-small:1.92%;--awb-spacing-left-small:1.92%;\"><div class=\"fusion-column-wrapper fusion-column-has-shadow fusion-flex-justify-content-flex-start fusion-content-layout-column\"><div class=\"awb-circles-info icons-on-outer-circle\" style=\"--awb-icon-circle-color:hsla(var(--awb-color2-h),var(--awb-color2-s),var(--awb-color2-l),calc(var(--awb-color2-a) - 75%));--awb-icon-circle-size:3px;--awb-content-circle-color:var(--awb-color4);--awb-content-circle-size:0px;--awb-icon-size:30px;--awb-icon-bg-active-color:var(--awb-color5);--awb-title-font-size:24px;--awb-title-letter-spacing:var(--awb-typography1-letter-spacing);--awb-title-color:var(--awb-color1);--awb-title-hover-color:var(--awb-color5);--awb-content-color:var(--awb-color4);--awb-gradient-start-position:0%;--awb-gradient-end-position:100%;--awb-linear-angle:180deg;--awb-radial-direction:circle at center center;--awb-background-position:center top;--awb-title-text-transform:var(--awb-typography1-text-transform);--awb-title-line-height:var(--awb-typography1-line-height);--awb-icon-circle-border-style:dotted;--awb-title-font-family:var(--awb-typography1-font-family);--awb-title-font-weight:var(--awb-typography1-font-weight);--awb-title-font-style:var(--awb-typography1-font-style);\" data-auto-rotation=\"yes\" data-auto-rotation-time=\"5000\" data-pause-on-hover=\"yes\" data-activation-type=\"mouseover\"><div class=\"awb-circles-info-wrapper\"><div class=\"awb-circles-info-icons-wrapper\"><div class=\"awb-circles-info-tab-link\" data-id=\"1\"><span><i class=\"awb-business-settings\"><\/i><\/span><\/div><div class=\"awb-circles-info-tab-link\" data-id=\"2\"><span><i class=\"awb-business-chart\"><\/i><\/span><\/div><div class=\"awb-circles-info-tab-link\" data-id=\"3\"><span><i class=\"awb-business-mission\"><\/i><\/span><\/div><\/div><div class=\"awb-circles-info-content-wrapper\"><div class=\"awb-circle-info awb-circles-info-content-area awb-circle-info-1 has-bg-image bg-image-blend-mode-\" data-id=\"1\" style=\"--awb-background-image:url(&quot;https:\/\/estradahermanos.com\/sitio\/wp-content\/uploads\/2024\/07\/texthoovers5-300x297.jpg&quot;);\"><div class=\"awb-circles-info-title\"><a href=\"#\" target=\"_self\"><\/a><\/div><\/div><div class=\"awb-circle-info awb-circles-info-content-area awb-circle-info-2 has-bg-image bg-image-blend-mode-\" data-id=\"2\" style=\"--awb-background-image:url(&quot;https:\/\/estradahermanos.com\/sitio\/wp-content\/uploads\/2024\/07\/texthoovers7-300x297.jpg&quot;);\"><div class=\"awb-circles-info-title\"><a href=\"#\" target=\"_self\"><\/a><\/div><\/div><div class=\"awb-circle-info awb-circles-info-content-area awb-circle-info-3 has-bg-image bg-image-blend-mode-\" data-id=\"3\" style=\"--awb-background-image:url(&quot;https:\/\/estradahermanos.com\/sitio\/wp-content\/uploads\/2024\/07\/texthoovers10-198x300.jpg&quot;);\"><div class=\"awb-circles-info-title\"><a href=\"#\" target=\"_self\"><\/a><\/div><\/div><\/div><\/div><\/div><\/div><\/div><\/div><\/div><\/p>","protected":false},"excerpt":{"rendered":"","protected":false},"author":1,"featured_media":0,"parent":0,"menu_order":0,"comment_status":"closed","ping_status":"closed","template":"100-width.php","meta":{"footnotes":""},"class_list":["post-13858","page","type-page","status-publish","hentry"],"acf":[],"_links":{"self":[{"href":"https:\/\/estradahermanos.com\/en\/wp-json\/wp\/v2\/pages\/13858","targetHints":{"allow":["GET"]}}],"collection":[{"href":"https:\/\/estradahermanos.com\/en\/wp-json\/wp\/v2\/pages"}],"about":[{"href":"https:\/\/estradahermanos.com\/en\/wp-json\/wp\/v2\/types\/page"}],"author":[{"embeddable":true,"href":"https:\/\/estradahermanos.com\/en\/wp-json\/wp\/v2\/users\/1"}],"replies":[{"embeddable":true,"href":"https:\/\/estradahermanos.com\/en\/wp-json\/wp\/v2\/comments?post=13858"}],"version-history":[{"count":7,"href":"https:\/\/estradahermanos.com\/en\/wp-json\/wp\/v2\/pages\/13858\/revisions"}],"predecessor-version":[{"id":14113,"href":"https:\/\/estradahermanos.com\/en\/wp-json\/wp\/v2\/pages\/13858\/revisions\/14113"}],"wp:attachment":[{"href":"https:\/\/estradahermanos.com\/en\/wp-json\/wp\/v2\/media?parent=13858"}],"curies":[{"name":"wp","href":"https:\/\/api.w.org\/{rel}","templated":true}]}}