{"id":13906,"date":"2024-08-09T06:44:30","date_gmt":"2024-08-09T11:44:30","guid":{"rendered":"https:\/\/estradahermanos.com\/sitio\/?post_type=product&#038;p=13906"},"modified":"2024-10-04T08:55:48","modified_gmt":"2024-10-04T13:55:48","slug":"modulos-integrados","status":"publish","type":"product","link":"https:\/\/estradahermanos.com\/en\/product\/modulos-integrados\/","title":{"rendered":"INTEGRATED MODULES"},"content":{"rendered":"<p><img fetchpriority=\"high\" decoding=\"async\" class=\"lazyload alignnone wp-image-14056 size-full\" src=\"https:\/\/estradahermanos.com\/sitio\/wp-content\/uploads\/2024\/08\/modulos.jpg\" data-orig-src=\"https:\/\/estradahermanos.com\/sitio\/wp-content\/uploads\/2024\/08\/modulos.jpg\" alt=\"\" width=\"589\" height=\"140\" srcset=\"data:image\/svg+xml,%3Csvg%20xmlns%3D%27http%3A%2F%2Fwww.w3.org%2F2000%2Fsvg%27%20width%3D%27589%27%20height%3D%27140%27%20viewBox%3D%270%200%20589%20140%27%3E%3Crect%20width%3D%27589%27%20height%3D%27140%27%20fill-opacity%3D%220%22%2F%3E%3C%2Fsvg%3E\" data-srcset=\"https:\/\/estradahermanos.com\/wp-content\/uploads\/2024\/08\/modulos-18x4.jpg 18w, https:\/\/estradahermanos.com\/wp-content\/uploads\/2024\/08\/modulos-200x48.jpg 200w, https:\/\/estradahermanos.com\/wp-content\/uploads\/2024\/08\/modulos-300x71.jpg 300w, https:\/\/estradahermanos.com\/wp-content\/uploads\/2024\/08\/modulos-400x95.jpg 400w, https:\/\/estradahermanos.com\/wp-content\/uploads\/2024\/08\/modulos-500x119.jpg 500w, https:\/\/estradahermanos.com\/wp-content\/uploads\/2024\/08\/modulos.jpg 589w\" data-sizes=\"auto\" data-orig-sizes=\"(max-width: 589px) 100vw, 589px\" \/><\/p>\n<h3>M\u00f3dulo Ecol\u00f3gico R270<\/h3>\n<div class=\"video-container\"><iframe src=\"https:\/\/www.youtube.com\/embed\/g-3zxV5UDbo?rel=0&amp;showinfo=0\" width=\"560\" height=\"315\" frameborder=\"0\" allowfullscreen=\"allowfullscreen\" data-mce-fragment=\"1\"><\/iframe><\/div>\n<div class=\"gap-20\"><\/div>\n<h3>Despulpadora de disco<br \/>\ncon la Federaci\u00f3n Nacional de Cafeteros<\/h3>\n<div class=\"video-container\"><iframe src=\"https:\/\/www.youtube.com\/embed\/ZUGZ-5buqnI?rel=0&amp;showinfo=0\" width=\"560\" height=\"315\" frameborder=\"0\" allowfullscreen=\"allowfullscreen\" data-mce-fragment=\"1\"><\/iframe><\/div>","protected":false},"excerpt":{"rendered":"<p>Equipo fabricado en acero inoxidable 304, con estructura s\u00f3lida desarmable que requiere de poco espacio, adem\u00e1s de un sencillo mantenimiento y limpieza.<br \/>\nSu principal funci\u00f3n es la de realizar un despulpado m\u00e1s efectivo, r\u00e1pido, de mejor calidad y m\u00e1s econ\u00f3mico, ya que reduce gran cantidad de procesos y a su vez mano de obra (zarandeo manual y vinagrados).<\/p>","protected":false},"featured_media":14000,"template":"","meta":[],"product_brand":[],"product_cat":[85],"product_tag":[],"class_list":{"0":"post-13906","1":"product","2":"type-product","3":"status-publish","4":"has-post-thumbnail","6":"product_cat-modulos-integrados","8":"first","9":"instock","10":"shipping-taxable","11":"product-type-simple"},"acf":[],"_links":{"self":[{"href":"https:\/\/estradahermanos.com\/en\/wp-json\/wp\/v2\/product\/13906","targetHints":{"allow":["GET"]}}],"collection":[{"href":"https:\/\/estradahermanos.com\/en\/wp-json\/wp\/v2\/product"}],"about":[{"href":"https:\/\/estradahermanos.com\/en\/wp-json\/wp\/v2\/types\/product"}],"wp:featuredmedia":[{"embeddable":true,"href":"https:\/\/estradahermanos.com\/en\/wp-json\/wp\/v2\/media\/14000"}],"wp:attachment":[{"href":"https:\/\/estradahermanos.com\/en\/wp-json\/wp\/v2\/media?parent=13906"}],"wp:term":[{"taxonomy":"product_brand","embeddable":true,"href":"https:\/\/estradahermanos.com\/en\/wp-json\/wp\/v2\/product_brand?post=13906"},{"taxonomy":"product_cat","embeddable":true,"href":"https:\/\/estradahermanos.com\/en\/wp-json\/wp\/v2\/product_cat?post=13906"},{"taxonomy":"product_tag","embeddable":true,"href":"https:\/\/estradahermanos.com\/en\/wp-json\/wp\/v2\/product_tag?post=13906"}],"curies":[{"name":"wp","href":"https:\/\/api.w.org\/{rel}","templated":true}]}}